{"id":4654,"date":"2025-12-25T10:04:46","date_gmt":"2025-12-25T09:04:46","guid":{"rendered":"https:\/\/roesslshop.at\/?post_type=product&#038;p=4654"},"modified":"2026-04-09T06:38:35","modified_gmt":"2026-04-09T04:38:35","slug":"2020-a-nobis-im-weissen-roessl-kopie","status":"publish","type":"product","link":"https:\/\/roesslshop.at\/en\/produkt\/2020-a-nobis-im-weissen-roessl-kopie\/","title":{"rendered":"2020 A-Nobis &#8220;Im Weissen R\u00f6ssl&#8221;"},"content":{"rendered":"<h3>A-Nobis Gr\u00fcner Veltliner Brut Szigeti 2020, &#8220;Im Weissen R\u00f6ssl&#8221;, Grand Cru, Gols, Lake Neusiedl<br \/>\n0.75 bottle, 13 % alcohol<\/h3>\n<p>REBSORTEN:<br \/>\nGr\u00fcner Veltliner<\/p>\n<p>CHARACTERISTICS:<br \/>\nFresh and fruity, delicate apricot and pepper spice on the nose, pleasant acidity structure, emphasized by fine mousseux.<\/p>\n<p>DRINKING RECOMMENDATION:<br \/>\nAfter a &#8220;school day&#8221; at home, you &#8211; dear moms &#8211; deserve this great sparkling wine!<\/p>\n<p>A-Nobis in words:<br \/>\n<strong>A <\/strong>ustria<br \/>\n<strong>No <\/strong>rbert<br \/>\n<strong>Bi <\/strong>rgit<br \/>\n<strong>S <\/strong>zigeti<\/p>\n","protected":false},"excerpt":{"rendered":"<p>A-Nobis Gr\u00fcner Veltliner Brut Szigeti 2020, &#8220;Im Weissen R\u00f6ssl&#8221;, Grand Cru, Gols, Lake Neusiedl 0.75 bottle, 13 % alcohol REBSORTEN: Gr\u00fcner Veltliner CHARACTERISTICS: Fresh and fruity, delicate apricot and pepper spice on the nose, pleasant acidity structure, emphasized by fine mousseux. DRINKING RECOMMENDATION: After a &#8220;school day&#8221; at home, you &#8211; dear moms &#8211; deserve [&hellip;]<\/p>\n","protected":false},"featured_media":4735,"comment_status":"open","ping_status":"closed","template":"","meta":[],"product_brand":[],"product_cat":[218],"product_tag":[236],"class_list":{"0":"post-4654","1":"product","2":"type-product","3":"status-publish","4":"has-post-thumbnail","6":"product_cat-wine","7":"product_tag-home","9":"first","10":"instock","11":"taxable","12":"shipping-taxable","13":"purchasable","14":"product-type-simple"},"_links":{"self":[{"href":"https:\/\/roesslshop.at\/en\/wp-json\/wp\/v2\/product\/4654","targetHints":{"allow":["GET"]}}],"collection":[{"href":"https:\/\/roesslshop.at\/en\/wp-json\/wp\/v2\/product"}],"about":[{"href":"https:\/\/roesslshop.at\/en\/wp-json\/wp\/v2\/types\/product"}],"replies":[{"embeddable":true,"href":"https:\/\/roesslshop.at\/en\/wp-json\/wp\/v2\/comments?post=4654"}],"wp:featuredmedia":[{"embeddable":true,"href":"https:\/\/roesslshop.at\/en\/wp-json\/wp\/v2\/media\/4735"}],"wp:attachment":[{"href":"https:\/\/roesslshop.at\/en\/wp-json\/wp\/v2\/media?parent=4654"}],"wp:term":[{"taxonomy":"product_brand","embeddable":true,"href":"https:\/\/roesslshop.at\/en\/wp-json\/wp\/v2\/product_brand?post=4654"},{"taxonomy":"product_cat","embeddable":true,"href":"https:\/\/roesslshop.at\/en\/wp-json\/wp\/v2\/product_cat?post=4654"},{"taxonomy":"product_tag","embeddable":true,"href":"https:\/\/roesslshop.at\/en\/wp-json\/wp\/v2\/product_tag?post=4654"}],"curies":[{"name":"wp","href":"https:\/\/api.w.org\/{rel}","templated":true}]}}