{"id":4513,"date":"2025-08-21T14:31:25","date_gmt":"2025-08-21T12:31:25","guid":{"rendered":"https:\/\/roesslshop.at\/?post_type=product&#038;p=4513"},"modified":"2026-04-09T06:41:59","modified_gmt":"2026-04-09T04:41:59","slug":"2021-cuvee-heiliger-wolfgang-kopie-kopie","status":"publish","type":"product","link":"https:\/\/roesslshop.at\/en\/produkt\/2021-cuvee-heiliger-wolfgang-kopie-kopie\/","title":{"rendered":"2021 Cuv\u00e9e &#8220;Heiliger Wolfgang&#8221;"},"content":{"rendered":"<h3>2021 Cuv\u00e9e &#8220;Heiliger Wolfgang&#8221;, R\u00f6ssl special edition 2024, Horst Gager, Deutschkreutz, Mittelburgenland<br \/>\n0.75 bottle, 14.5% alcohol<\/h3>\n<p>VINTAGE:<br \/>\nA cuv\u00e9e created by our sommelier Zoran Babic and wine academic Alexander Stadler from Cabernet Sauvignon, Merlot, Blaufr\u00e4nkisch and Zweigelt.<\/p>\n<p>CHARACTERISTICS:<br \/>\nDeep and very rich ruby red, a confit of blackberry and cassis with pleasantly sweet toast aromas. High density and complexity on the palate present a potpourri of aromas of wild berries, tobacco and vanilla.<\/p>\n<p>RECOMMENDED FOOD by chef Hermann Poll:<br \/>\nAbtenauer Ochsenbackerl, tooth mushroom, parsley root and rhubarb<\/p>\n","protected":false},"excerpt":{"rendered":"<p>2021 Cuv\u00e9e &#8220;Heiliger Wolfgang&#8221;, R\u00f6ssl special edition 2024, Horst Gager, Deutschkreutz, Mittelburgenland 0.75 bottle, 14.5% alcohol VINTAGE: A cuv\u00e9e created by our sommelier Zoran Babic and wine academic Alexander Stadler from Cabernet Sauvignon, Merlot, Blaufr\u00e4nkisch and Zweigelt. CHARACTERISTICS: Deep and very rich ruby red, a confit of blackberry and cassis with pleasantly sweet toast aromas. [&hellip;]<\/p>\n","protected":false},"featured_media":4499,"comment_status":"open","ping_status":"closed","template":"","meta":[],"product_brand":[],"product_cat":[218],"product_tag":[],"class_list":{"0":"post-4513","1":"product","2":"type-product","3":"status-publish","4":"has-post-thumbnail","6":"product_cat-wine","8":"first","9":"instock","10":"taxable","11":"shipping-taxable","12":"purchasable","13":"product-type-simple"},"_links":{"self":[{"href":"https:\/\/roesslshop.at\/en\/wp-json\/wp\/v2\/product\/4513","targetHints":{"allow":["GET"]}}],"collection":[{"href":"https:\/\/roesslshop.at\/en\/wp-json\/wp\/v2\/product"}],"about":[{"href":"https:\/\/roesslshop.at\/en\/wp-json\/wp\/v2\/types\/product"}],"replies":[{"embeddable":true,"href":"https:\/\/roesslshop.at\/en\/wp-json\/wp\/v2\/comments?post=4513"}],"wp:featuredmedia":[{"embeddable":true,"href":"https:\/\/roesslshop.at\/en\/wp-json\/wp\/v2\/media\/4499"}],"wp:attachment":[{"href":"https:\/\/roesslshop.at\/en\/wp-json\/wp\/v2\/media?parent=4513"}],"wp:term":[{"taxonomy":"product_brand","embeddable":true,"href":"https:\/\/roesslshop.at\/en\/wp-json\/wp\/v2\/product_brand?post=4513"},{"taxonomy":"product_cat","embeddable":true,"href":"https:\/\/roesslshop.at\/en\/wp-json\/wp\/v2\/product_cat?post=4513"},{"taxonomy":"product_tag","embeddable":true,"href":"https:\/\/roesslshop.at\/en\/wp-json\/wp\/v2\/product_tag?post=4513"}],"curies":[{"name":"wp","href":"https:\/\/api.w.org\/{rel}","templated":true}]}}