{"id":4507,"date":"2025-08-13T11:42:31","date_gmt":"2025-08-13T09:42:31","guid":{"rendered":"https:\/\/roesslshop.at\/?post_type=product&#038;p=4507"},"modified":"2026-04-09T06:42:25","modified_gmt":"2026-04-09T04:42:25","slug":"2023-gruener-veltliner-heiliger-wolfgang-kopie-kopie","status":"publish","type":"product","link":"https:\/\/roesslshop.at\/en\/produkt\/2023-gruener-veltliner-heiliger-wolfgang-kopie-kopie\/","title":{"rendered":"2023 Gr\u00fcner Veltliner &#8220;Heiliger Wolfgang&#8221;"},"content":{"rendered":"<h3>2023 Gr\u00fcner Veltliner &#8220;Heiliger Wolfgang&#8221;<br \/>\nSpecial edition 2024, Federspiel, Franz Pichler, W\u00f6sendorf, Wachau<br \/>\n0.75 bottle, 12.5% alcohol<\/h3>\n<p>Grape varieties<br \/>\nGr\u00fcner Veltliner<\/p>\n<p>Characteristic<br \/>\nA balanced interplay of yellow apples and grapefruit awakens our nose and, supported by delicate minerality, continues for a long time on the palate.<\/p>\n<p>Food recommendation<br \/>\nClassic Wiener Schnitzerl or Blunzengr\u00f6stl from your trusted innkeeper Gasthaus &#8220;Selbst ist der Mann&#8221;<\/p>\n<p>&nbsp;<\/p>\n","protected":false},"excerpt":{"rendered":"<p>2023 Gr\u00fcner Veltliner &#8220;Heiliger Wolfgang&#8221; Special edition 2024, Federspiel, Franz Pichler, W\u00f6sendorf, Wachau 0.75 bottle, 12.5% alcohol Grape varieties Gr\u00fcner Veltliner Characteristic A balanced interplay of yellow apples and grapefruit awakens our nose and, supported by delicate minerality, continues for a long time on the palate. Food recommendation Classic Wiener Schnitzerl or Blunzengr\u00f6stl from your [&hellip;]<\/p>\n","protected":false},"featured_media":4495,"comment_status":"open","ping_status":"closed","template":"","meta":[],"product_brand":[],"product_cat":[218],"product_tag":[],"class_list":{"0":"post-4507","1":"product","2":"type-product","3":"status-publish","4":"has-post-thumbnail","6":"product_cat-wine","8":"first","9":"instock","10":"featured","11":"taxable","12":"shipping-taxable","13":"purchasable","14":"product-type-simple"},"_links":{"self":[{"href":"https:\/\/roesslshop.at\/en\/wp-json\/wp\/v2\/product\/4507","targetHints":{"allow":["GET"]}}],"collection":[{"href":"https:\/\/roesslshop.at\/en\/wp-json\/wp\/v2\/product"}],"about":[{"href":"https:\/\/roesslshop.at\/en\/wp-json\/wp\/v2\/types\/product"}],"replies":[{"embeddable":true,"href":"https:\/\/roesslshop.at\/en\/wp-json\/wp\/v2\/comments?post=4507"}],"wp:featuredmedia":[{"embeddable":true,"href":"https:\/\/roesslshop.at\/en\/wp-json\/wp\/v2\/media\/4495"}],"wp:attachment":[{"href":"https:\/\/roesslshop.at\/en\/wp-json\/wp\/v2\/media?parent=4507"}],"wp:term":[{"taxonomy":"product_brand","embeddable":true,"href":"https:\/\/roesslshop.at\/en\/wp-json\/wp\/v2\/product_brand?post=4507"},{"taxonomy":"product_cat","embeddable":true,"href":"https:\/\/roesslshop.at\/en\/wp-json\/wp\/v2\/product_cat?post=4507"},{"taxonomy":"product_tag","embeddable":true,"href":"https:\/\/roesslshop.at\/en\/wp-json\/wp\/v2\/product_tag?post=4507"}],"curies":[{"name":"wp","href":"https:\/\/api.w.org\/{rel}","templated":true}]}}