{"id":2716,"date":"2023-11-07T08:31:49","date_gmt":"2023-11-07T07:31:49","guid":{"rendered":"https:\/\/roesslshop.at\/produkt\/2009-blaufrankisch-perwolff\/"},"modified":"2024-12-25T12:27:03","modified_gmt":"2024-12-25T11:27:03","slug":"2009-blaufrankisch-perwolff","status":"publish","type":"product","link":"https:\/\/roesslshop.at\/en\/produkt\/2009-blaufrankisch-perwolff\/","title":{"rendered":"2009 Blaufr\u00e4nkisch Perwolff"},"content":{"rendered":"<h3>2009 Blaufr\u00e4nkisch Perwolff (absolute rarity), Weingut Krutzler, Deutsch-Sch\u00fctzen, Eisenberg<br \/>\n0.75 bottle, 13.5% alcohol<\/h3>\n<p>REBSORTS:<br \/>\nBlaufr\u00e4nkisch<\/p>\n<p>CHARACTERISTICS:<br \/>\nA multiple award-winning flagship of the Krutzler winery is also one of our rock cellar treasures. Perwolff (old name for Deutsch-Sch\u00fctzen) impresses with its strong ruby red color and violet reflections. With precious wood sweetness, balanced minerality, orange zest, a hint of Mon Cherie, tobacco, a juicy, elegant texture and endless chocolate on the finish, this great Blaufr\u00e4nkisch is stoic.<\/p>\n<p>FOOD RECOMMENDATION:<br \/>\nSaddle of venison \/ celeriac \/ cranberry<\/p>\n","protected":false},"excerpt":{"rendered":"<p>2009 Blaufr\u00e4nkisch Perwolff (absolute rarity), Weingut Krutzler, Deutsch-Sch\u00fctzen, Eisenberg 0.75 bottle, 13.5% alcohol REBSORTS: Blaufr\u00e4nkisch CHARACTERISTICS: A multiple award-winning flagship of the Krutzler winery is also one of our rock cellar treasures. Perwolff (old name for Deutsch-Sch\u00fctzen) impresses with its strong ruby red color and violet reflections. With precious wood sweetness, balanced minerality, orange zest, [&hellip;]<\/p>\n","protected":false},"featured_media":2703,"comment_status":"open","ping_status":"closed","template":"","meta":[],"product_brand":[],"product_cat":[218],"product_tag":[],"class_list":{"0":"post-2716","1":"product","2":"type-product","3":"status-publish","4":"has-post-thumbnail","6":"product_cat-wine","8":"first","9":"instock","10":"taxable","11":"shipping-taxable","12":"purchasable","13":"product-type-simple"},"_links":{"self":[{"href":"https:\/\/roesslshop.at\/en\/wp-json\/wp\/v2\/product\/2716","targetHints":{"allow":["GET"]}}],"collection":[{"href":"https:\/\/roesslshop.at\/en\/wp-json\/wp\/v2\/product"}],"about":[{"href":"https:\/\/roesslshop.at\/en\/wp-json\/wp\/v2\/types\/product"}],"replies":[{"embeddable":true,"href":"https:\/\/roesslshop.at\/en\/wp-json\/wp\/v2\/comments?post=2716"}],"wp:featuredmedia":[{"embeddable":true,"href":"https:\/\/roesslshop.at\/en\/wp-json\/wp\/v2\/media\/2703"}],"wp:attachment":[{"href":"https:\/\/roesslshop.at\/en\/wp-json\/wp\/v2\/media?parent=2716"}],"wp:term":[{"taxonomy":"product_brand","embeddable":true,"href":"https:\/\/roesslshop.at\/en\/wp-json\/wp\/v2\/product_brand?post=2716"},{"taxonomy":"product_cat","embeddable":true,"href":"https:\/\/roesslshop.at\/en\/wp-json\/wp\/v2\/product_cat?post=2716"},{"taxonomy":"product_tag","embeddable":true,"href":"https:\/\/roesslshop.at\/en\/wp-json\/wp\/v2\/product_tag?post=2716"}],"curies":[{"name":"wp","href":"https:\/\/api.w.org\/{rel}","templated":true}]}}