{"id":2690,"date":"2023-11-07T08:31:57","date_gmt":"2023-11-07T07:31:57","guid":{"rendered":"https:\/\/roesslshop.at\/produkt\/2019-cuvee-from-person-to-person\/"},"modified":"2024-06-01T14:33:09","modified_gmt":"2024-06-01T12:33:09","slug":"2019-cuvee-from-person-to-person","status":"publish","type":"product","link":"https:\/\/roesslshop.at\/en\/produkt\/2019-cuvee-from-person-to-person\/","title":{"rendered":"2019 Cuv\u00e9e &#8220;From person to person&#8221;"},"content":{"rendered":"<p><span style=\"font-family: verdana, geneva\"><strong>2019 Cuv\u00e9e &#8220;From person to person&#8221; R\u00f6ssl special edition 2022, Horst Gager, <\/strong>Deutschkreutz, Mittelburgenland<\/span><br \/>\n<span style=\"font-family: verdana, geneva\"> <strong>0.75 bottle, 14% alcohol<\/strong><\/span><\/p>\n<p><span style=\"text-decoration: underline\">REBSORTEN:<\/span><br \/>\nA cuv\u00e9e created by our head waiters Zoran Babic and Alexander Stadler from Zweigelt, Blaufr\u00e4nkisch and Merlot.<\/p>\n<p><span style=\"text-decoration: underline\">CHARACTERISTIC:<\/span><br \/>\nA strong ruby red, with a nose of wild berries supported by roasted aromas, balanced, fruity and long-lasting on the palate.<\/p>\n<p><span style=\"text-decoration: underline\">FOOD RECOMMENDATION:<\/span><br \/>\n5 weeks matured Dry Age Beef from chef Hermann Poll!<\/p>\n","protected":false},"excerpt":{"rendered":"<p>2019 Cuv\u00e9e &#8220;From person to person&#8221; R\u00f6ssl special edition 2022, Horst Gager, Deutschkreutz, Mittelburgenland 0.75 bottle, 14% alcohol REBSORTEN: A cuv\u00e9e created by our head waiters Zoran Babic and Alexander Stadler from Zweigelt, Blaufr\u00e4nkisch and Merlot. CHARACTERISTIC: A strong ruby red, with a nose of wild berries supported by roasted aromas, balanced, fruity and long-lasting [&hellip;]<\/p>\n","protected":false},"featured_media":1941,"comment_status":"open","ping_status":"closed","template":"","meta":[],"product_brand":[],"product_cat":[15],"product_tag":[],"class_list":{"0":"post-2690","1":"product","2":"type-product","3":"status-publish","4":"has-post-thumbnail","6":"product_cat-unkategorisiert","8":"first","9":"outofstock","10":"taxable","11":"shipping-taxable","12":"purchasable","13":"product-type-simple"},"_links":{"self":[{"href":"https:\/\/roesslshop.at\/en\/wp-json\/wp\/v2\/product\/2690","targetHints":{"allow":["GET"]}}],"collection":[{"href":"https:\/\/roesslshop.at\/en\/wp-json\/wp\/v2\/product"}],"about":[{"href":"https:\/\/roesslshop.at\/en\/wp-json\/wp\/v2\/types\/product"}],"replies":[{"embeddable":true,"href":"https:\/\/roesslshop.at\/en\/wp-json\/wp\/v2\/comments?post=2690"}],"wp:featuredmedia":[{"embeddable":true,"href":"https:\/\/roesslshop.at\/en\/wp-json\/wp\/v2\/media\/1941"}],"wp:attachment":[{"href":"https:\/\/roesslshop.at\/en\/wp-json\/wp\/v2\/media?parent=2690"}],"wp:term":[{"taxonomy":"product_brand","embeddable":true,"href":"https:\/\/roesslshop.at\/en\/wp-json\/wp\/v2\/product_brand?post=2690"},{"taxonomy":"product_cat","embeddable":true,"href":"https:\/\/roesslshop.at\/en\/wp-json\/wp\/v2\/product_cat?post=2690"},{"taxonomy":"product_tag","embeddable":true,"href":"https:\/\/roesslshop.at\/en\/wp-json\/wp\/v2\/product_tag?post=2690"}],"curies":[{"name":"wp","href":"https:\/\/api.w.org\/{rel}","templated":true}]}}