{"id":2469,"date":"2023-11-07T08:30:22","date_gmt":"2023-11-07T07:30:22","guid":{"rendered":"https:\/\/roesslshop.at\/produkt\/in-the-white-horse-inn-dvd\/"},"modified":"2025-11-29T19:42:44","modified_gmt":"2025-11-29T18:42:44","slug":"in-the-white-horse-inn-dvd","status":"publish","type":"product","link":"https:\/\/roesslshop.at\/en\/produkt\/in-the-white-horse-inn-dvd\/","title":{"rendered":"In the White Horse Inn DVD"},"content":{"rendered":"<h3>Im Weissen R\u00f6ssl am Wolfgangsee &#8211; the R\u00f6ssl movie<\/h3>\n<p>The TV classic from Lake Wolfgang.<br \/>\nPeter Alexander and Waltraud Haas in their leading roles.<\/p>\n<p>Im Wei\u00dfen R\u00f6ssl is a German-Austrian comedy film from 1960 starring Waltraut Haas and Peter Alexander.<\/p>\n<p>It is a film adaptation of the operetta Im wei\u00dfen R\u00f6\u00dfl by Ralph Benatzky. The film was shot at the original locations on Lake Wolfgangsee in Austria. This film version is based on the operetta, but makes numerous changes. The action was thus moved to the present day, which made it possible for Sigismund S\u00fclzheimer to arrive in a helicopter in front of the Hotel Wei\u00dfes R\u00f6ssl. Ottilie Giesecke was renamed Brigitte. The music ranges from authentic alpine music, played by Heurigen musician Anton Karas, among others, to modern arrangements by Heinz Gietz, which also include swing and pop elements.<\/p>\n<p>Source: Wikipedia<\/p>\n","protected":false},"excerpt":{"rendered":"<p>Im Weissen R\u00f6ssl am Wolfgangsee &#8211; the R\u00f6ssl movie The TV classic from Lake Wolfgang. Peter Alexander and Waltraud Haas in their leading roles. Im Wei\u00dfen R\u00f6ssl is a German-Austrian comedy film from 1960 starring Waltraut Haas and Peter Alexander. It is a film adaptation of the operetta Im wei\u00dfen R\u00f6\u00dfl by Ralph Benatzky. The [&hellip;]<\/p>\n","protected":false},"featured_media":2439,"comment_status":"open","ping_status":"closed","template":"","meta":[],"product_brand":[],"product_cat":[216],"product_tag":[],"class_list":{"0":"post-2469","1":"product","2":"type-product","3":"status-publish","4":"has-post-thumbnail","6":"product_cat-my-rossl-en","8":"first","9":"instock","10":"taxable","11":"shipping-taxable","12":"purchasable","13":"product-type-simple"},"_links":{"self":[{"href":"https:\/\/roesslshop.at\/en\/wp-json\/wp\/v2\/product\/2469","targetHints":{"allow":["GET"]}}],"collection":[{"href":"https:\/\/roesslshop.at\/en\/wp-json\/wp\/v2\/product"}],"about":[{"href":"https:\/\/roesslshop.at\/en\/wp-json\/wp\/v2\/types\/product"}],"replies":[{"embeddable":true,"href":"https:\/\/roesslshop.at\/en\/wp-json\/wp\/v2\/comments?post=2469"}],"wp:featuredmedia":[{"embeddable":true,"href":"https:\/\/roesslshop.at\/en\/wp-json\/wp\/v2\/media\/2439"}],"wp:attachment":[{"href":"https:\/\/roesslshop.at\/en\/wp-json\/wp\/v2\/media?parent=2469"}],"wp:term":[{"taxonomy":"product_brand","embeddable":true,"href":"https:\/\/roesslshop.at\/en\/wp-json\/wp\/v2\/product_brand?post=2469"},{"taxonomy":"product_cat","embeddable":true,"href":"https:\/\/roesslshop.at\/en\/wp-json\/wp\/v2\/product_cat?post=2469"},{"taxonomy":"product_tag","embeddable":true,"href":"https:\/\/roesslshop.at\/en\/wp-json\/wp\/v2\/product_tag?post=2469"}],"curies":[{"name":"wp","href":"https:\/\/api.w.org\/{rel}","templated":true}]}}